{"id":304412,"date":"2026-03-24T01:23:39","date_gmt":"2026-03-24T00:23:39","guid":{"rendered":"https:\/\/cms.vetinparis.com\/produit\/cat-satiety-weight-management\/"},"modified":"2026-03-24T01:23:39","modified_gmt":"2026-03-24T00:23:39","slug":"cat-satiety-weight-management","status":"publish","type":"product","link":"https:\/\/cms.vetinparis.com\/en\/produit\/cat-satiety-weight-management\/","title":{"rendered":"Cat Satiety Weight Management"},"content":{"rendered":"<p>\u00a0Con\u00e7u pour les chats souffrant de surpoids ou d&#8217;ob\u00e9sit\u00e9.<\/p>\n<ul>\n<li>Agit sur la sati\u00e9t\u00e9 et diminue donc la consommation.<\/li>\n<li>Teneur \u00e9lev\u00e9e en proteines maintenant la masse musculaire tout en assurant la perte de poids.<\/li>\n<li>Riche en min\u00e9raux et vitamines permettant une compensation de la restriction alimentaire.<\/li>\n<\/ul>\n","protected":false},"excerpt":{"rendered":"<p>ROYAL CANIN<\/p>\n","protected":false},"featured_media":304410,"template":"","meta":{"_acf_changed":false},"product_brand":[],"product_cat":[2075],"product_tag":[],"class_list":{"0":"post-304412","1":"product","2":"type-product","3":"status-publish","4":"has-post-thumbnail","6":"product_cat-aliments","7":"description-off","9":"first","10":"instock","11":"taxable","12":"shipping-taxable","13":"purchasable","14":"product-type-simple"},"acf":[],"yoast_head":"<!-- This site is optimized with the Yoast SEO plugin v27.3 - https:\/\/yoast.com\/product\/yoast-seo-wordpress\/ -->\n<title>Cat Satiety Weight Management - Clinique v\u00e9t\u00e9rinaire VETINPARIS - Docteur Isabelle Pasquet - Paris 11<\/title>\n<meta name=\"robots\" content=\"noindex, follow\" \/>\n<meta property=\"og:locale\" content=\"en_US\" \/>\n<meta property=\"og:type\" content=\"article\" \/>\n<meta property=\"og:title\" content=\"Cat Satiety Weight Management - Clinique v\u00e9t\u00e9rinaire VETINPARIS - Docteur Isabelle Pasquet - Paris 11\" \/>\n<meta property=\"og:description\" content=\"ROYAL CANIN\" \/>\n<meta property=\"og:url\" content=\"https:\/\/cms.vetinparis.com\/produit\/cat-satiety-weight-management\/\" \/>\n<meta property=\"og:site_name\" content=\"Clinique v\u00e9t\u00e9rinaire VETINPARIS - Docteur Isabelle Pasquet - Paris 11\" \/>\n<meta name=\"twitter:card\" content=\"summary_large_image\" \/>\n<script type=\"application\/ld+json\" class=\"yoast-schema-graph\">{\"@context\":\"https:\\\/\\\/schema.org\",\"@graph\":[{\"@type\":\"WebPage\",\"@id\":\"https:\\\/\\\/cms.vetinparis.com\\\/produit\\\/cat-satiety-weight-management\\\/\",\"url\":\"https:\\\/\\\/cms.vetinparis.com\\\/produit\\\/cat-satiety-weight-management\\\/\",\"name\":\"Cat Satiety Weight Management - Clinique v\u00e9t\u00e9rinaire VETINPARIS - Docteur Isabelle Pasquet - Paris 11\",\"isPartOf\":{\"@id\":\"https:\\\/\\\/cms.vetinparis.com\\\/#website\"},\"primaryImageOfPage\":{\"@id\":\"https:\\\/\\\/cms.vetinparis.com\\\/produit\\\/cat-satiety-weight-management\\\/#primaryimage\"},\"image\":{\"@id\":\"https:\\\/\\\/cms.vetinparis.com\\\/produit\\\/cat-satiety-weight-management\\\/#primaryimage\"},\"thumbnailUrl\":\"https:\\\/\\\/cms.vetinparis.com\\\/wp-content\\\/uploads\\\/2026\\\/03\\\/VDC096.png\",\"datePublished\":\"2026-03-24T00:23:39+00:00\",\"breadcrumb\":{\"@id\":\"https:\\\/\\\/cms.vetinparis.com\\\/produit\\\/cat-satiety-weight-management\\\/#breadcrumb\"},\"inLanguage\":\"en-US\",\"potentialAction\":[{\"@type\":\"ReadAction\",\"target\":[\"https:\\\/\\\/cms.vetinparis.com\\\/produit\\\/cat-satiety-weight-management\\\/\"]}]},{\"@type\":\"ImageObject\",\"inLanguage\":\"en-US\",\"@id\":\"https:\\\/\\\/cms.vetinparis.com\\\/produit\\\/cat-satiety-weight-management\\\/#primaryimage\",\"url\":\"https:\\\/\\\/cms.vetinparis.com\\\/wp-content\\\/uploads\\\/2026\\\/03\\\/VDC096.png\",\"contentUrl\":\"https:\\\/\\\/cms.vetinparis.com\\\/wp-content\\\/uploads\\\/2026\\\/03\\\/VDC096.png\",\"width\":400,\"height\":400},{\"@type\":\"BreadcrumbList\",\"@id\":\"https:\\\/\\\/cms.vetinparis.com\\\/produit\\\/cat-satiety-weight-management\\\/#breadcrumb\",\"itemListElement\":[{\"@type\":\"ListItem\",\"position\":1,\"name\":\"Accueil\",\"item\":\"https:\\\/\\\/cms.vetinparis.com\\\/\"},{\"@type\":\"ListItem\",\"position\":2,\"name\":\"Boutique\",\"item\":\"https:\\\/\\\/cms.vetinparis.com\\\/boutique\\\/\"},{\"@type\":\"ListItem\",\"position\":3,\"name\":\"Cat Satiety Weight Management\"}]},{\"@type\":\"WebSite\",\"@id\":\"https:\\\/\\\/cms.vetinparis.com\\\/#website\",\"url\":\"https:\\\/\\\/cms.vetinparis.com\\\/\",\"name\":\"Clinique v\u00e9t\u00e9rinaire VETINPARIS - Docteur Isabelle Pasquet - Paris 11\",\"description\":\"\",\"publisher\":{\"@id\":\"https:\\\/\\\/cms.vetinparis.com\\\/#organization\"},\"potentialAction\":[{\"@type\":\"SearchAction\",\"target\":{\"@type\":\"EntryPoint\",\"urlTemplate\":\"https:\\\/\\\/cms.vetinparis.com\\\/?s={search_term_string}\"},\"query-input\":{\"@type\":\"PropertyValueSpecification\",\"valueRequired\":true,\"valueName\":\"search_term_string\"}}],\"inLanguage\":\"en-US\"},{\"@type\":\"Organization\",\"@id\":\"https:\\\/\\\/cms.vetinparis.com\\\/#organization\",\"name\":\"Clinique v\u00e9t\u00e9rinaire VETINPARIS - Docteur Isabelle Pasquet - Paris 11\",\"url\":\"https:\\\/\\\/cms.vetinparis.com\\\/\",\"logo\":{\"@type\":\"ImageObject\",\"inLanguage\":\"en-US\",\"@id\":\"https:\\\/\\\/cms.vetinparis.com\\\/#\\\/schema\\\/logo\\\/image\\\/\",\"url\":\"https:\\\/\\\/cms.vetinparis.com\\\/wp-content\\\/uploads\\\/2017\\\/10\\\/logo-c.png\",\"contentUrl\":\"https:\\\/\\\/cms.vetinparis.com\\\/wp-content\\\/uploads\\\/2017\\\/10\\\/logo-c.png\",\"width\":200,\"height\":158,\"caption\":\"Clinique v\u00e9t\u00e9rinaire VETINPARIS - Docteur Isabelle Pasquet - Paris 11\"},\"image\":{\"@id\":\"https:\\\/\\\/cms.vetinparis.com\\\/#\\\/schema\\\/logo\\\/image\\\/\"}}]}<\/script>\n<!-- \/ Yoast SEO plugin. -->","yoast_head_json":{"title":"Cat Satiety Weight Management - Clinique v\u00e9t\u00e9rinaire VETINPARIS - Docteur Isabelle Pasquet - Paris 11","robots":{"index":"noindex","follow":"follow"},"og_locale":"en_US","og_type":"article","og_title":"Cat Satiety Weight Management - Clinique v\u00e9t\u00e9rinaire VETINPARIS - Docteur Isabelle Pasquet - Paris 11","og_description":"ROYAL CANIN","og_url":"https:\/\/cms.vetinparis.com\/produit\/cat-satiety-weight-management\/","og_site_name":"Clinique v\u00e9t\u00e9rinaire VETINPARIS - Docteur Isabelle Pasquet - Paris 11","twitter_card":"summary_large_image","schema":{"@context":"https:\/\/schema.org","@graph":[{"@type":"WebPage","@id":"https:\/\/cms.vetinparis.com\/produit\/cat-satiety-weight-management\/","url":"https:\/\/cms.vetinparis.com\/produit\/cat-satiety-weight-management\/","name":"Cat Satiety Weight Management - Clinique v\u00e9t\u00e9rinaire VETINPARIS - Docteur Isabelle Pasquet - Paris 11","isPartOf":{"@id":"https:\/\/cms.vetinparis.com\/#website"},"primaryImageOfPage":{"@id":"https:\/\/cms.vetinparis.com\/produit\/cat-satiety-weight-management\/#primaryimage"},"image":{"@id":"https:\/\/cms.vetinparis.com\/produit\/cat-satiety-weight-management\/#primaryimage"},"thumbnailUrl":"https:\/\/cms.vetinparis.com\/wp-content\/uploads\/2026\/03\/VDC096.png","datePublished":"2026-03-24T00:23:39+00:00","breadcrumb":{"@id":"https:\/\/cms.vetinparis.com\/produit\/cat-satiety-weight-management\/#breadcrumb"},"inLanguage":"en-US","potentialAction":[{"@type":"ReadAction","target":["https:\/\/cms.vetinparis.com\/produit\/cat-satiety-weight-management\/"]}]},{"@type":"ImageObject","inLanguage":"en-US","@id":"https:\/\/cms.vetinparis.com\/produit\/cat-satiety-weight-management\/#primaryimage","url":"https:\/\/cms.vetinparis.com\/wp-content\/uploads\/2026\/03\/VDC096.png","contentUrl":"https:\/\/cms.vetinparis.com\/wp-content\/uploads\/2026\/03\/VDC096.png","width":400,"height":400},{"@type":"BreadcrumbList","@id":"https:\/\/cms.vetinparis.com\/produit\/cat-satiety-weight-management\/#breadcrumb","itemListElement":[{"@type":"ListItem","position":1,"name":"Accueil","item":"https:\/\/cms.vetinparis.com\/"},{"@type":"ListItem","position":2,"name":"Boutique","item":"https:\/\/cms.vetinparis.com\/boutique\/"},{"@type":"ListItem","position":3,"name":"Cat Satiety Weight Management"}]},{"@type":"WebSite","@id":"https:\/\/cms.vetinparis.com\/#website","url":"https:\/\/cms.vetinparis.com\/","name":"Clinique v\u00e9t\u00e9rinaire VETINPARIS - Docteur Isabelle Pasquet - Paris 11","description":"","publisher":{"@id":"https:\/\/cms.vetinparis.com\/#organization"},"potentialAction":[{"@type":"SearchAction","target":{"@type":"EntryPoint","urlTemplate":"https:\/\/cms.vetinparis.com\/?s={search_term_string}"},"query-input":{"@type":"PropertyValueSpecification","valueRequired":true,"valueName":"search_term_string"}}],"inLanguage":"en-US"},{"@type":"Organization","@id":"https:\/\/cms.vetinparis.com\/#organization","name":"Clinique v\u00e9t\u00e9rinaire VETINPARIS - Docteur Isabelle Pasquet - Paris 11","url":"https:\/\/cms.vetinparis.com\/","logo":{"@type":"ImageObject","inLanguage":"en-US","@id":"https:\/\/cms.vetinparis.com\/#\/schema\/logo\/image\/","url":"https:\/\/cms.vetinparis.com\/wp-content\/uploads\/2017\/10\/logo-c.png","contentUrl":"https:\/\/cms.vetinparis.com\/wp-content\/uploads\/2017\/10\/logo-c.png","width":200,"height":158,"caption":"Clinique v\u00e9t\u00e9rinaire VETINPARIS - Docteur Isabelle Pasquet - Paris 11"},"image":{"@id":"https:\/\/cms.vetinparis.com\/#\/schema\/logo\/image\/"}}]}},"_links":{"self":[{"href":"https:\/\/cms.vetinparis.com\/en\/wp-json\/wp\/v2\/product\/304412","targetHints":{"allow":["GET"]}}],"collection":[{"href":"https:\/\/cms.vetinparis.com\/en\/wp-json\/wp\/v2\/product"}],"about":[{"href":"https:\/\/cms.vetinparis.com\/en\/wp-json\/wp\/v2\/types\/product"}],"wp:featuredmedia":[{"embeddable":true,"href":"https:\/\/cms.vetinparis.com\/en\/wp-json\/wp\/v2\/media\/304410"}],"wp:attachment":[{"href":"https:\/\/cms.vetinparis.com\/en\/wp-json\/wp\/v2\/media?parent=304412"}],"wp:term":[{"taxonomy":"product_brand","embeddable":true,"href":"https:\/\/cms.vetinparis.com\/en\/wp-json\/wp\/v2\/product_brand?post=304412"},{"taxonomy":"product_cat","embeddable":true,"href":"https:\/\/cms.vetinparis.com\/en\/wp-json\/wp\/v2\/product_cat?post=304412"},{"taxonomy":"product_tag","embeddable":true,"href":"https:\/\/cms.vetinparis.com\/en\/wp-json\/wp\/v2\/product_tag?post=304412"}],"curies":[{"name":"wp","href":"https:\/\/api.w.org\/{rel}","templated":true}]}}