{"id":303905,"date":"2026-03-24T01:20:54","date_gmt":"2026-03-24T00:20:54","guid":{"rendered":"https:\/\/cms.vetinparis.com\/produit\/specific-cjd-joint-support\/"},"modified":"2026-03-24T01:20:54","modified_gmt":"2026-03-24T00:20:54","slug":"specific-cjd-joint-support","status":"publish","type":"product","link":"https:\/\/cms.vetinparis.com\/en\/produit\/specific-cjd-joint-support\/","title":{"rendered":"Specific CJD Joint Support"},"content":{"rendered":"<p><strong>Caract\u00e9ristiques nutritionnelles  <\/strong><\/p>\n<ul>\n<li>Teneur \u00e9lev\u00e9e en acides gras Om\u00e9ga-3 (EPA et DHA issus du poisson) pour leur participation \u00e0 la lutte contre l&#8217;inflammation.<\/li>\n<li>Teneur \u00e9lev\u00e9e en chondroprotecteurs (glucosamine et chondro\u00eftine sulfate) pour leur r\u00f4le dans la protection du cartilage.<\/li>\n<li>Teneur \u00e9nerg\u00e9tique mod\u00e9r\u00e9e et L-carnitine pour le maintien d&#8217;un poids optimal.<\/li>\n<li>Teneurs \u00e9lev\u00e9es en antioxyg\u00e8nes et en mangan\u00e8se pour leur r\u00f4le dans la protection du cartilage et dans la lutte contre les radicaux libres.<\/li>\n<\/ul>\n","protected":false},"excerpt":{"rendered":"<p>DECHRA FRANCE<\/p>\n","protected":false},"featured_media":303903,"template":"","meta":{"_acf_changed":false},"product_brand":[],"product_cat":[2075],"product_tag":[],"class_list":{"0":"post-303905","1":"product","2":"type-product","3":"status-publish","4":"has-post-thumbnail","6":"product_cat-aliments","7":"description-off","9":"first","10":"instock","11":"taxable","12":"shipping-taxable","13":"purchasable","14":"product-type-simple"},"acf":[],"yoast_head":"<!-- This site is optimized with the Yoast SEO plugin v27.3 - https:\/\/yoast.com\/product\/yoast-seo-wordpress\/ -->\n<title>Specific CJD Joint Support - Clinique v\u00e9t\u00e9rinaire VETINPARIS - Docteur Isabelle Pasquet - Paris 11<\/title>\n<meta name=\"robots\" content=\"noindex, follow\" \/>\n<meta property=\"og:locale\" content=\"en_US\" \/>\n<meta property=\"og:type\" content=\"article\" \/>\n<meta property=\"og:title\" content=\"Specific CJD Joint Support - Clinique v\u00e9t\u00e9rinaire VETINPARIS - Docteur Isabelle Pasquet - Paris 11\" \/>\n<meta property=\"og:description\" content=\"DECHRA FRANCE\" \/>\n<meta property=\"og:url\" content=\"https:\/\/cms.vetinparis.com\/produit\/specific-cjd-joint-support\/\" \/>\n<meta property=\"og:site_name\" content=\"Clinique v\u00e9t\u00e9rinaire VETINPARIS - Docteur Isabelle Pasquet - Paris 11\" \/>\n<meta name=\"twitter:card\" content=\"summary_large_image\" \/>\n<script type=\"application\/ld+json\" class=\"yoast-schema-graph\">{\"@context\":\"https:\\\/\\\/schema.org\",\"@graph\":[{\"@type\":\"WebPage\",\"@id\":\"https:\\\/\\\/cms.vetinparis.com\\\/produit\\\/specific-cjd-joint-support\\\/\",\"url\":\"https:\\\/\\\/cms.vetinparis.com\\\/produit\\\/specific-cjd-joint-support\\\/\",\"name\":\"Specific CJD Joint Support - Clinique v\u00e9t\u00e9rinaire VETINPARIS - Docteur Isabelle Pasquet - Paris 11\",\"isPartOf\":{\"@id\":\"https:\\\/\\\/cms.vetinparis.com\\\/#website\"},\"primaryImageOfPage\":{\"@id\":\"https:\\\/\\\/cms.vetinparis.com\\\/produit\\\/specific-cjd-joint-support\\\/#primaryimage\"},\"image\":{\"@id\":\"https:\\\/\\\/cms.vetinparis.com\\\/produit\\\/specific-cjd-joint-support\\\/#primaryimage\"},\"thumbnailUrl\":\"https:\\\/\\\/cms.vetinparis.com\\\/wp-content\\\/uploads\\\/2026\\\/03\\\/SPC015.png\",\"datePublished\":\"2026-03-24T00:20:54+00:00\",\"breadcrumb\":{\"@id\":\"https:\\\/\\\/cms.vetinparis.com\\\/produit\\\/specific-cjd-joint-support\\\/#breadcrumb\"},\"inLanguage\":\"en-US\",\"potentialAction\":[{\"@type\":\"ReadAction\",\"target\":[\"https:\\\/\\\/cms.vetinparis.com\\\/produit\\\/specific-cjd-joint-support\\\/\"]}]},{\"@type\":\"ImageObject\",\"inLanguage\":\"en-US\",\"@id\":\"https:\\\/\\\/cms.vetinparis.com\\\/produit\\\/specific-cjd-joint-support\\\/#primaryimage\",\"url\":\"https:\\\/\\\/cms.vetinparis.com\\\/wp-content\\\/uploads\\\/2026\\\/03\\\/SPC015.png\",\"contentUrl\":\"https:\\\/\\\/cms.vetinparis.com\\\/wp-content\\\/uploads\\\/2026\\\/03\\\/SPC015.png\",\"width\":400,\"height\":400},{\"@type\":\"BreadcrumbList\",\"@id\":\"https:\\\/\\\/cms.vetinparis.com\\\/produit\\\/specific-cjd-joint-support\\\/#breadcrumb\",\"itemListElement\":[{\"@type\":\"ListItem\",\"position\":1,\"name\":\"Accueil\",\"item\":\"https:\\\/\\\/cms.vetinparis.com\\\/\"},{\"@type\":\"ListItem\",\"position\":2,\"name\":\"Boutique\",\"item\":\"https:\\\/\\\/cms.vetinparis.com\\\/boutique\\\/\"},{\"@type\":\"ListItem\",\"position\":3,\"name\":\"Specific CJD Joint Support\"}]},{\"@type\":\"WebSite\",\"@id\":\"https:\\\/\\\/cms.vetinparis.com\\\/#website\",\"url\":\"https:\\\/\\\/cms.vetinparis.com\\\/\",\"name\":\"Clinique v\u00e9t\u00e9rinaire VETINPARIS - Docteur Isabelle Pasquet - Paris 11\",\"description\":\"\",\"publisher\":{\"@id\":\"https:\\\/\\\/cms.vetinparis.com\\\/#organization\"},\"potentialAction\":[{\"@type\":\"SearchAction\",\"target\":{\"@type\":\"EntryPoint\",\"urlTemplate\":\"https:\\\/\\\/cms.vetinparis.com\\\/?s={search_term_string}\"},\"query-input\":{\"@type\":\"PropertyValueSpecification\",\"valueRequired\":true,\"valueName\":\"search_term_string\"}}],\"inLanguage\":\"en-US\"},{\"@type\":\"Organization\",\"@id\":\"https:\\\/\\\/cms.vetinparis.com\\\/#organization\",\"name\":\"Clinique v\u00e9t\u00e9rinaire VETINPARIS - Docteur Isabelle Pasquet - Paris 11\",\"url\":\"https:\\\/\\\/cms.vetinparis.com\\\/\",\"logo\":{\"@type\":\"ImageObject\",\"inLanguage\":\"en-US\",\"@id\":\"https:\\\/\\\/cms.vetinparis.com\\\/#\\\/schema\\\/logo\\\/image\\\/\",\"url\":\"https:\\\/\\\/cms.vetinparis.com\\\/wp-content\\\/uploads\\\/2017\\\/10\\\/logo-c.png\",\"contentUrl\":\"https:\\\/\\\/cms.vetinparis.com\\\/wp-content\\\/uploads\\\/2017\\\/10\\\/logo-c.png\",\"width\":200,\"height\":158,\"caption\":\"Clinique v\u00e9t\u00e9rinaire VETINPARIS - Docteur Isabelle Pasquet - Paris 11\"},\"image\":{\"@id\":\"https:\\\/\\\/cms.vetinparis.com\\\/#\\\/schema\\\/logo\\\/image\\\/\"}}]}<\/script>\n<!-- \/ Yoast SEO plugin. -->","yoast_head_json":{"title":"Specific CJD Joint Support - Clinique v\u00e9t\u00e9rinaire VETINPARIS - Docteur Isabelle Pasquet - Paris 11","robots":{"index":"noindex","follow":"follow"},"og_locale":"en_US","og_type":"article","og_title":"Specific CJD Joint Support - Clinique v\u00e9t\u00e9rinaire VETINPARIS - Docteur Isabelle Pasquet - Paris 11","og_description":"DECHRA FRANCE","og_url":"https:\/\/cms.vetinparis.com\/produit\/specific-cjd-joint-support\/","og_site_name":"Clinique v\u00e9t\u00e9rinaire VETINPARIS - Docteur Isabelle Pasquet - Paris 11","twitter_card":"summary_large_image","schema":{"@context":"https:\/\/schema.org","@graph":[{"@type":"WebPage","@id":"https:\/\/cms.vetinparis.com\/produit\/specific-cjd-joint-support\/","url":"https:\/\/cms.vetinparis.com\/produit\/specific-cjd-joint-support\/","name":"Specific CJD Joint Support - Clinique v\u00e9t\u00e9rinaire VETINPARIS - Docteur Isabelle Pasquet - Paris 11","isPartOf":{"@id":"https:\/\/cms.vetinparis.com\/#website"},"primaryImageOfPage":{"@id":"https:\/\/cms.vetinparis.com\/produit\/specific-cjd-joint-support\/#primaryimage"},"image":{"@id":"https:\/\/cms.vetinparis.com\/produit\/specific-cjd-joint-support\/#primaryimage"},"thumbnailUrl":"https:\/\/cms.vetinparis.com\/wp-content\/uploads\/2026\/03\/SPC015.png","datePublished":"2026-03-24T00:20:54+00:00","breadcrumb":{"@id":"https:\/\/cms.vetinparis.com\/produit\/specific-cjd-joint-support\/#breadcrumb"},"inLanguage":"en-US","potentialAction":[{"@type":"ReadAction","target":["https:\/\/cms.vetinparis.com\/produit\/specific-cjd-joint-support\/"]}]},{"@type":"ImageObject","inLanguage":"en-US","@id":"https:\/\/cms.vetinparis.com\/produit\/specific-cjd-joint-support\/#primaryimage","url":"https:\/\/cms.vetinparis.com\/wp-content\/uploads\/2026\/03\/SPC015.png","contentUrl":"https:\/\/cms.vetinparis.com\/wp-content\/uploads\/2026\/03\/SPC015.png","width":400,"height":400},{"@type":"BreadcrumbList","@id":"https:\/\/cms.vetinparis.com\/produit\/specific-cjd-joint-support\/#breadcrumb","itemListElement":[{"@type":"ListItem","position":1,"name":"Accueil","item":"https:\/\/cms.vetinparis.com\/"},{"@type":"ListItem","position":2,"name":"Boutique","item":"https:\/\/cms.vetinparis.com\/boutique\/"},{"@type":"ListItem","position":3,"name":"Specific CJD Joint Support"}]},{"@type":"WebSite","@id":"https:\/\/cms.vetinparis.com\/#website","url":"https:\/\/cms.vetinparis.com\/","name":"Clinique v\u00e9t\u00e9rinaire VETINPARIS - Docteur Isabelle Pasquet - Paris 11","description":"","publisher":{"@id":"https:\/\/cms.vetinparis.com\/#organization"},"potentialAction":[{"@type":"SearchAction","target":{"@type":"EntryPoint","urlTemplate":"https:\/\/cms.vetinparis.com\/?s={search_term_string}"},"query-input":{"@type":"PropertyValueSpecification","valueRequired":true,"valueName":"search_term_string"}}],"inLanguage":"en-US"},{"@type":"Organization","@id":"https:\/\/cms.vetinparis.com\/#organization","name":"Clinique v\u00e9t\u00e9rinaire VETINPARIS - Docteur Isabelle Pasquet - Paris 11","url":"https:\/\/cms.vetinparis.com\/","logo":{"@type":"ImageObject","inLanguage":"en-US","@id":"https:\/\/cms.vetinparis.com\/#\/schema\/logo\/image\/","url":"https:\/\/cms.vetinparis.com\/wp-content\/uploads\/2017\/10\/logo-c.png","contentUrl":"https:\/\/cms.vetinparis.com\/wp-content\/uploads\/2017\/10\/logo-c.png","width":200,"height":158,"caption":"Clinique v\u00e9t\u00e9rinaire VETINPARIS - Docteur Isabelle Pasquet - Paris 11"},"image":{"@id":"https:\/\/cms.vetinparis.com\/#\/schema\/logo\/image\/"}}]}},"_links":{"self":[{"href":"https:\/\/cms.vetinparis.com\/en\/wp-json\/wp\/v2\/product\/303905","targetHints":{"allow":["GET"]}}],"collection":[{"href":"https:\/\/cms.vetinparis.com\/en\/wp-json\/wp\/v2\/product"}],"about":[{"href":"https:\/\/cms.vetinparis.com\/en\/wp-json\/wp\/v2\/types\/product"}],"wp:featuredmedia":[{"embeddable":true,"href":"https:\/\/cms.vetinparis.com\/en\/wp-json\/wp\/v2\/media\/303903"}],"wp:attachment":[{"href":"https:\/\/cms.vetinparis.com\/en\/wp-json\/wp\/v2\/media?parent=303905"}],"wp:term":[{"taxonomy":"product_brand","embeddable":true,"href":"https:\/\/cms.vetinparis.com\/en\/wp-json\/wp\/v2\/product_brand?post=303905"},{"taxonomy":"product_cat","embeddable":true,"href":"https:\/\/cms.vetinparis.com\/en\/wp-json\/wp\/v2\/product_cat?post=303905"},{"taxonomy":"product_tag","embeddable":true,"href":"https:\/\/cms.vetinparis.com\/en\/wp-json\/wp\/v2\/product_tag?post=303905"}],"curies":[{"name":"wp","href":"https:\/\/api.w.org\/{rel}","templated":true}]}}