{"id":302707,"date":"2026-03-24T01:14:11","date_gmt":"2026-03-24T00:14:11","guid":{"rendered":"https:\/\/cms.vetinparis.com\/produit\/melange-de-graines\/"},"modified":"2026-03-24T01:14:11","modified_gmt":"2026-03-24T00:14:11","slug":"melange-de-graines","status":"publish","type":"product","link":"https:\/\/cms.vetinparis.com\/en\/produit\/melange-de-graines\/","title":{"rendered":"M\u00e9lange de graines"},"content":{"rendered":"<p>Riche et adapt\u00e9, le m\u00e9lange de graines est mis au point par nos nutritionnistes. Il prend en compte les besoins \u00e9nerg\u00e9tiques des oiseaux du ciel (m\u00e9sanges, pinsons, bouvreuils, sitelles,&#8230;) pendant la difficile p\u00e9riode de l&#8217;hiver.<\/p>\n","protected":false},"excerpt":{"rendered":"<p>HAMI FORM SARL SOCEC<\/p>\n","protected":false},"featured_media":302705,"template":"","meta":{"_acf_changed":false},"product_brand":[],"product_cat":[2075],"product_tag":[],"class_list":{"0":"post-302707","1":"product","2":"type-product","3":"status-publish","4":"has-post-thumbnail","6":"product_cat-aliments","7":"description-off","9":"first","10":"instock","11":"taxable","12":"shipping-taxable","13":"purchasable","14":"product-type-simple"},"acf":[],"yoast_head":"<!-- This site is optimized with the Yoast SEO plugin v27.3 - https:\/\/yoast.com\/product\/yoast-seo-wordpress\/ -->\n<title>M\u00e9lange de graines - Clinique v\u00e9t\u00e9rinaire VETINPARIS - Docteur Isabelle Pasquet - Paris 11<\/title>\n<meta name=\"robots\" content=\"noindex, follow\" \/>\n<meta property=\"og:locale\" content=\"en_US\" \/>\n<meta property=\"og:type\" content=\"article\" \/>\n<meta property=\"og:title\" content=\"M\u00e9lange de graines - Clinique v\u00e9t\u00e9rinaire VETINPARIS - Docteur Isabelle Pasquet - Paris 11\" \/>\n<meta property=\"og:description\" content=\"HAMI FORM SARL SOCEC\" \/>\n<meta property=\"og:url\" content=\"https:\/\/cms.vetinparis.com\/produit\/melange-de-graines\/\" \/>\n<meta property=\"og:site_name\" content=\"Clinique v\u00e9t\u00e9rinaire VETINPARIS - Docteur Isabelle Pasquet - Paris 11\" \/>\n<meta name=\"twitter:card\" content=\"summary_large_image\" \/>\n<script type=\"application\/ld+json\" class=\"yoast-schema-graph\">{\"@context\":\"https:\\\/\\\/schema.org\",\"@graph\":[{\"@type\":\"WebPage\",\"@id\":\"https:\\\/\\\/cms.vetinparis.com\\\/produit\\\/melange-de-graines\\\/\",\"url\":\"https:\\\/\\\/cms.vetinparis.com\\\/produit\\\/melange-de-graines\\\/\",\"name\":\"M\u00e9lange de graines - Clinique v\u00e9t\u00e9rinaire VETINPARIS - Docteur Isabelle Pasquet - Paris 11\",\"isPartOf\":{\"@id\":\"https:\\\/\\\/cms.vetinparis.com\\\/#website\"},\"primaryImageOfPage\":{\"@id\":\"https:\\\/\\\/cms.vetinparis.com\\\/produit\\\/melange-de-graines\\\/#primaryimage\"},\"image\":{\"@id\":\"https:\\\/\\\/cms.vetinparis.com\\\/produit\\\/melange-de-graines\\\/#primaryimage\"},\"thumbnailUrl\":\"https:\\\/\\\/cms.vetinparis.com\\\/wp-content\\\/uploads\\\/2026\\\/03\\\/MEL003.png\",\"datePublished\":\"2026-03-24T00:14:11+00:00\",\"breadcrumb\":{\"@id\":\"https:\\\/\\\/cms.vetinparis.com\\\/produit\\\/melange-de-graines\\\/#breadcrumb\"},\"inLanguage\":\"en-US\",\"potentialAction\":[{\"@type\":\"ReadAction\",\"target\":[\"https:\\\/\\\/cms.vetinparis.com\\\/produit\\\/melange-de-graines\\\/\"]}]},{\"@type\":\"ImageObject\",\"inLanguage\":\"en-US\",\"@id\":\"https:\\\/\\\/cms.vetinparis.com\\\/produit\\\/melange-de-graines\\\/#primaryimage\",\"url\":\"https:\\\/\\\/cms.vetinparis.com\\\/wp-content\\\/uploads\\\/2026\\\/03\\\/MEL003.png\",\"contentUrl\":\"https:\\\/\\\/cms.vetinparis.com\\\/wp-content\\\/uploads\\\/2026\\\/03\\\/MEL003.png\",\"width\":400,\"height\":400},{\"@type\":\"BreadcrumbList\",\"@id\":\"https:\\\/\\\/cms.vetinparis.com\\\/produit\\\/melange-de-graines\\\/#breadcrumb\",\"itemListElement\":[{\"@type\":\"ListItem\",\"position\":1,\"name\":\"Accueil\",\"item\":\"https:\\\/\\\/cms.vetinparis.com\\\/\"},{\"@type\":\"ListItem\",\"position\":2,\"name\":\"Boutique\",\"item\":\"https:\\\/\\\/cms.vetinparis.com\\\/boutique\\\/\"},{\"@type\":\"ListItem\",\"position\":3,\"name\":\"M\u00e9lange de graines\"}]},{\"@type\":\"WebSite\",\"@id\":\"https:\\\/\\\/cms.vetinparis.com\\\/#website\",\"url\":\"https:\\\/\\\/cms.vetinparis.com\\\/\",\"name\":\"Clinique v\u00e9t\u00e9rinaire VETINPARIS - Docteur Isabelle Pasquet - Paris 11\",\"description\":\"\",\"publisher\":{\"@id\":\"https:\\\/\\\/cms.vetinparis.com\\\/#organization\"},\"potentialAction\":[{\"@type\":\"SearchAction\",\"target\":{\"@type\":\"EntryPoint\",\"urlTemplate\":\"https:\\\/\\\/cms.vetinparis.com\\\/?s={search_term_string}\"},\"query-input\":{\"@type\":\"PropertyValueSpecification\",\"valueRequired\":true,\"valueName\":\"search_term_string\"}}],\"inLanguage\":\"en-US\"},{\"@type\":\"Organization\",\"@id\":\"https:\\\/\\\/cms.vetinparis.com\\\/#organization\",\"name\":\"Clinique v\u00e9t\u00e9rinaire VETINPARIS - Docteur Isabelle Pasquet - Paris 11\",\"url\":\"https:\\\/\\\/cms.vetinparis.com\\\/\",\"logo\":{\"@type\":\"ImageObject\",\"inLanguage\":\"en-US\",\"@id\":\"https:\\\/\\\/cms.vetinparis.com\\\/#\\\/schema\\\/logo\\\/image\\\/\",\"url\":\"https:\\\/\\\/cms.vetinparis.com\\\/wp-content\\\/uploads\\\/2017\\\/10\\\/logo-c.png\",\"contentUrl\":\"https:\\\/\\\/cms.vetinparis.com\\\/wp-content\\\/uploads\\\/2017\\\/10\\\/logo-c.png\",\"width\":200,\"height\":158,\"caption\":\"Clinique v\u00e9t\u00e9rinaire VETINPARIS - Docteur Isabelle Pasquet - Paris 11\"},\"image\":{\"@id\":\"https:\\\/\\\/cms.vetinparis.com\\\/#\\\/schema\\\/logo\\\/image\\\/\"}}]}<\/script>\n<!-- \/ Yoast SEO plugin. -->","yoast_head_json":{"title":"M\u00e9lange de graines - Clinique v\u00e9t\u00e9rinaire VETINPARIS - Docteur Isabelle Pasquet - Paris 11","robots":{"index":"noindex","follow":"follow"},"og_locale":"en_US","og_type":"article","og_title":"M\u00e9lange de graines - Clinique v\u00e9t\u00e9rinaire VETINPARIS - Docteur Isabelle Pasquet - Paris 11","og_description":"HAMI FORM SARL SOCEC","og_url":"https:\/\/cms.vetinparis.com\/produit\/melange-de-graines\/","og_site_name":"Clinique v\u00e9t\u00e9rinaire VETINPARIS - Docteur Isabelle Pasquet - Paris 11","twitter_card":"summary_large_image","schema":{"@context":"https:\/\/schema.org","@graph":[{"@type":"WebPage","@id":"https:\/\/cms.vetinparis.com\/produit\/melange-de-graines\/","url":"https:\/\/cms.vetinparis.com\/produit\/melange-de-graines\/","name":"M\u00e9lange de graines - Clinique v\u00e9t\u00e9rinaire VETINPARIS - Docteur Isabelle Pasquet - Paris 11","isPartOf":{"@id":"https:\/\/cms.vetinparis.com\/#website"},"primaryImageOfPage":{"@id":"https:\/\/cms.vetinparis.com\/produit\/melange-de-graines\/#primaryimage"},"image":{"@id":"https:\/\/cms.vetinparis.com\/produit\/melange-de-graines\/#primaryimage"},"thumbnailUrl":"https:\/\/cms.vetinparis.com\/wp-content\/uploads\/2026\/03\/MEL003.png","datePublished":"2026-03-24T00:14:11+00:00","breadcrumb":{"@id":"https:\/\/cms.vetinparis.com\/produit\/melange-de-graines\/#breadcrumb"},"inLanguage":"en-US","potentialAction":[{"@type":"ReadAction","target":["https:\/\/cms.vetinparis.com\/produit\/melange-de-graines\/"]}]},{"@type":"ImageObject","inLanguage":"en-US","@id":"https:\/\/cms.vetinparis.com\/produit\/melange-de-graines\/#primaryimage","url":"https:\/\/cms.vetinparis.com\/wp-content\/uploads\/2026\/03\/MEL003.png","contentUrl":"https:\/\/cms.vetinparis.com\/wp-content\/uploads\/2026\/03\/MEL003.png","width":400,"height":400},{"@type":"BreadcrumbList","@id":"https:\/\/cms.vetinparis.com\/produit\/melange-de-graines\/#breadcrumb","itemListElement":[{"@type":"ListItem","position":1,"name":"Accueil","item":"https:\/\/cms.vetinparis.com\/"},{"@type":"ListItem","position":2,"name":"Boutique","item":"https:\/\/cms.vetinparis.com\/boutique\/"},{"@type":"ListItem","position":3,"name":"M\u00e9lange de graines"}]},{"@type":"WebSite","@id":"https:\/\/cms.vetinparis.com\/#website","url":"https:\/\/cms.vetinparis.com\/","name":"Clinique v\u00e9t\u00e9rinaire VETINPARIS - Docteur Isabelle Pasquet - Paris 11","description":"","publisher":{"@id":"https:\/\/cms.vetinparis.com\/#organization"},"potentialAction":[{"@type":"SearchAction","target":{"@type":"EntryPoint","urlTemplate":"https:\/\/cms.vetinparis.com\/?s={search_term_string}"},"query-input":{"@type":"PropertyValueSpecification","valueRequired":true,"valueName":"search_term_string"}}],"inLanguage":"en-US"},{"@type":"Organization","@id":"https:\/\/cms.vetinparis.com\/#organization","name":"Clinique v\u00e9t\u00e9rinaire VETINPARIS - Docteur Isabelle Pasquet - Paris 11","url":"https:\/\/cms.vetinparis.com\/","logo":{"@type":"ImageObject","inLanguage":"en-US","@id":"https:\/\/cms.vetinparis.com\/#\/schema\/logo\/image\/","url":"https:\/\/cms.vetinparis.com\/wp-content\/uploads\/2017\/10\/logo-c.png","contentUrl":"https:\/\/cms.vetinparis.com\/wp-content\/uploads\/2017\/10\/logo-c.png","width":200,"height":158,"caption":"Clinique v\u00e9t\u00e9rinaire VETINPARIS - Docteur Isabelle Pasquet - Paris 11"},"image":{"@id":"https:\/\/cms.vetinparis.com\/#\/schema\/logo\/image\/"}}]}},"_links":{"self":[{"href":"https:\/\/cms.vetinparis.com\/en\/wp-json\/wp\/v2\/product\/302707","targetHints":{"allow":["GET"]}}],"collection":[{"href":"https:\/\/cms.vetinparis.com\/en\/wp-json\/wp\/v2\/product"}],"about":[{"href":"https:\/\/cms.vetinparis.com\/en\/wp-json\/wp\/v2\/types\/product"}],"wp:featuredmedia":[{"embeddable":true,"href":"https:\/\/cms.vetinparis.com\/en\/wp-json\/wp\/v2\/media\/302705"}],"wp:attachment":[{"href":"https:\/\/cms.vetinparis.com\/en\/wp-json\/wp\/v2\/media?parent=302707"}],"wp:term":[{"taxonomy":"product_brand","embeddable":true,"href":"https:\/\/cms.vetinparis.com\/en\/wp-json\/wp\/v2\/product_brand?post=302707"},{"taxonomy":"product_cat","embeddable":true,"href":"https:\/\/cms.vetinparis.com\/en\/wp-json\/wp\/v2\/product_cat?post=302707"},{"taxonomy":"product_tag","embeddable":true,"href":"https:\/\/cms.vetinparis.com\/en\/wp-json\/wp\/v2\/product_tag?post=302707"}],"curies":[{"name":"wp","href":"https:\/\/api.w.org\/{rel}","templated":true}]}}