{"id":296240,"date":"2025-06-08T01:01:09","date_gmt":"2025-06-07T23:01:09","guid":{"rendered":"https:\/\/cms.vetinparis.com\/produit\/veterinary-hpm-cat-adult-neutered-salmon-bouch-sach-re-new\/"},"modified":"2025-12-18T01:01:17","modified_gmt":"2025-12-18T00:01:17","slug":"veterinary-hpm-cat-adult-neutered-salmon-bouch-sach-re-new","status":"publish","type":"product","link":"https:\/\/cms.vetinparis.com\/en\/produit\/veterinary-hpm-cat-adult-neutered-salmon-bouch-sach-re-new\/","title":{"rendered":"Veterinary HPM Cat Adult Neutered Salmon Bouch. Sach.re."},"content":{"rendered":"<p>Bouch\u00e9es en sauce riches en prot\u00e9ines de haute qualit\u00e9, pour chat adulte st\u00e9rilis\u00e9 ou ayant tendance \u00e0 l\u2019embonpoint, \u00e0 partir de 1 an.<\/p>\n","protected":false},"excerpt":{"rendered":"<p>VIRBAC NUTRITION<\/p>\n","protected":false},"featured_media":296238,"template":"","meta":{"_acf_changed":false},"product_brand":[],"product_cat":[2075,2083,2081],"product_tag":[],"class_list":{"0":"post-296240","1":"product","2":"type-product","3":"status-publish","4":"has-post-thumbnail","6":"product_cat-aliments","7":"product_cat-aliments-physiologiques-chats","8":"product_cat-alimts-physiologiq-chat-chien","9":"description-off","11":"first","12":"instock","13":"taxable","14":"shipping-taxable","15":"purchasable","16":"product-type-simple"},"acf":[],"yoast_head":"<!-- This site is optimized with the Yoast SEO plugin v27.3 - https:\/\/yoast.com\/product\/yoast-seo-wordpress\/ -->\n<title>Veterinary HPM Cat Adult Neutered Salmon Bouch. Sach.re. - Clinique v\u00e9t\u00e9rinaire VETINPARIS - Docteur Isabelle Pasquet - Paris 11<\/title>\n<meta name=\"robots\" content=\"noindex, follow\" \/>\n<meta property=\"og:locale\" content=\"en_US\" \/>\n<meta property=\"og:type\" content=\"article\" \/>\n<meta property=\"og:title\" content=\"Veterinary HPM Cat Adult Neutered Salmon Bouch. Sach.re. - Clinique v\u00e9t\u00e9rinaire VETINPARIS - Docteur Isabelle Pasquet - Paris 11\" \/>\n<meta property=\"og:description\" content=\"VIRBAC NUTRITION\" \/>\n<meta property=\"og:url\" content=\"https:\/\/cms.vetinparis.com\/produit\/veterinary-hpm-cat-adult-neutered-salmon-bouch-sach-re-new\/\" \/>\n<meta property=\"og:site_name\" content=\"Clinique v\u00e9t\u00e9rinaire VETINPARIS - Docteur Isabelle Pasquet - Paris 11\" \/>\n<meta property=\"article:modified_time\" content=\"2025-12-18T00:01:17+00:00\" \/>\n<meta property=\"og:image\" content=\"https:\/\/cms.vetinparis.com\/wp-content\/uploads\/2025\/06\/VHC050.png\" \/>\n\t<meta property=\"og:image:width\" content=\"400\" \/>\n\t<meta property=\"og:image:height\" content=\"400\" \/>\n\t<meta property=\"og:image:type\" content=\"image\/png\" \/>\n<meta name=\"twitter:card\" content=\"summary_large_image\" \/>\n<script type=\"application\/ld+json\" class=\"yoast-schema-graph\">{\"@context\":\"https:\\\/\\\/schema.org\",\"@graph\":[{\"@type\":\"WebPage\",\"@id\":\"https:\\\/\\\/cms.vetinparis.com\\\/produit\\\/veterinary-hpm-cat-adult-neutered-salmon-bouch-sach-re-new\\\/\",\"url\":\"https:\\\/\\\/cms.vetinparis.com\\\/produit\\\/veterinary-hpm-cat-adult-neutered-salmon-bouch-sach-re-new\\\/\",\"name\":\"Veterinary HPM Cat Adult Neutered Salmon Bouch. Sach.re. - Clinique v\u00e9t\u00e9rinaire VETINPARIS - Docteur Isabelle Pasquet - Paris 11\",\"isPartOf\":{\"@id\":\"https:\\\/\\\/cms.vetinparis.com\\\/#website\"},\"primaryImageOfPage\":{\"@id\":\"https:\\\/\\\/cms.vetinparis.com\\\/produit\\\/veterinary-hpm-cat-adult-neutered-salmon-bouch-sach-re-new\\\/#primaryimage\"},\"image\":{\"@id\":\"https:\\\/\\\/cms.vetinparis.com\\\/produit\\\/veterinary-hpm-cat-adult-neutered-salmon-bouch-sach-re-new\\\/#primaryimage\"},\"thumbnailUrl\":\"https:\\\/\\\/cms.vetinparis.com\\\/wp-content\\\/uploads\\\/2025\\\/06\\\/VHC050.png\",\"datePublished\":\"2025-06-07T23:01:09+00:00\",\"dateModified\":\"2025-12-18T00:01:17+00:00\",\"breadcrumb\":{\"@id\":\"https:\\\/\\\/cms.vetinparis.com\\\/produit\\\/veterinary-hpm-cat-adult-neutered-salmon-bouch-sach-re-new\\\/#breadcrumb\"},\"inLanguage\":\"en-US\",\"potentialAction\":[{\"@type\":\"ReadAction\",\"target\":[\"https:\\\/\\\/cms.vetinparis.com\\\/produit\\\/veterinary-hpm-cat-adult-neutered-salmon-bouch-sach-re-new\\\/\"]}]},{\"@type\":\"ImageObject\",\"inLanguage\":\"en-US\",\"@id\":\"https:\\\/\\\/cms.vetinparis.com\\\/produit\\\/veterinary-hpm-cat-adult-neutered-salmon-bouch-sach-re-new\\\/#primaryimage\",\"url\":\"https:\\\/\\\/cms.vetinparis.com\\\/wp-content\\\/uploads\\\/2025\\\/06\\\/VHC050.png\",\"contentUrl\":\"https:\\\/\\\/cms.vetinparis.com\\\/wp-content\\\/uploads\\\/2025\\\/06\\\/VHC050.png\",\"width\":400,\"height\":400},{\"@type\":\"BreadcrumbList\",\"@id\":\"https:\\\/\\\/cms.vetinparis.com\\\/produit\\\/veterinary-hpm-cat-adult-neutered-salmon-bouch-sach-re-new\\\/#breadcrumb\",\"itemListElement\":[{\"@type\":\"ListItem\",\"position\":1,\"name\":\"Accueil\",\"item\":\"https:\\\/\\\/cms.vetinparis.com\\\/\"},{\"@type\":\"ListItem\",\"position\":2,\"name\":\"Boutique\",\"item\":\"https:\\\/\\\/cms.vetinparis.com\\\/boutique\\\/\"},{\"@type\":\"ListItem\",\"position\":3,\"name\":\"Veterinary HPM Cat Adult Neutered Salmon Bouch. Sach.re.\"}]},{\"@type\":\"WebSite\",\"@id\":\"https:\\\/\\\/cms.vetinparis.com\\\/#website\",\"url\":\"https:\\\/\\\/cms.vetinparis.com\\\/\",\"name\":\"Clinique v\u00e9t\u00e9rinaire VETINPARIS - Docteur Isabelle Pasquet - Paris 11\",\"description\":\"\",\"publisher\":{\"@id\":\"https:\\\/\\\/cms.vetinparis.com\\\/#organization\"},\"potentialAction\":[{\"@type\":\"SearchAction\",\"target\":{\"@type\":\"EntryPoint\",\"urlTemplate\":\"https:\\\/\\\/cms.vetinparis.com\\\/?s={search_term_string}\"},\"query-input\":{\"@type\":\"PropertyValueSpecification\",\"valueRequired\":true,\"valueName\":\"search_term_string\"}}],\"inLanguage\":\"en-US\"},{\"@type\":\"Organization\",\"@id\":\"https:\\\/\\\/cms.vetinparis.com\\\/#organization\",\"name\":\"Clinique v\u00e9t\u00e9rinaire VETINPARIS - Docteur Isabelle Pasquet - Paris 11\",\"url\":\"https:\\\/\\\/cms.vetinparis.com\\\/\",\"logo\":{\"@type\":\"ImageObject\",\"inLanguage\":\"en-US\",\"@id\":\"https:\\\/\\\/cms.vetinparis.com\\\/#\\\/schema\\\/logo\\\/image\\\/\",\"url\":\"https:\\\/\\\/cms.vetinparis.com\\\/wp-content\\\/uploads\\\/2017\\\/10\\\/logo-c.png\",\"contentUrl\":\"https:\\\/\\\/cms.vetinparis.com\\\/wp-content\\\/uploads\\\/2017\\\/10\\\/logo-c.png\",\"width\":200,\"height\":158,\"caption\":\"Clinique v\u00e9t\u00e9rinaire VETINPARIS - Docteur Isabelle Pasquet - Paris 11\"},\"image\":{\"@id\":\"https:\\\/\\\/cms.vetinparis.com\\\/#\\\/schema\\\/logo\\\/image\\\/\"}}]}<\/script>\n<!-- \/ Yoast SEO plugin. -->","yoast_head_json":{"title":"Veterinary HPM Cat Adult Neutered Salmon Bouch. Sach.re. - Clinique v\u00e9t\u00e9rinaire VETINPARIS - Docteur Isabelle Pasquet - Paris 11","robots":{"index":"noindex","follow":"follow"},"og_locale":"en_US","og_type":"article","og_title":"Veterinary HPM Cat Adult Neutered Salmon Bouch. Sach.re. - Clinique v\u00e9t\u00e9rinaire VETINPARIS - Docteur Isabelle Pasquet - Paris 11","og_description":"VIRBAC NUTRITION","og_url":"https:\/\/cms.vetinparis.com\/produit\/veterinary-hpm-cat-adult-neutered-salmon-bouch-sach-re-new\/","og_site_name":"Clinique v\u00e9t\u00e9rinaire VETINPARIS - Docteur Isabelle Pasquet - Paris 11","article_modified_time":"2025-12-18T00:01:17+00:00","og_image":[{"width":400,"height":400,"url":"https:\/\/cms.vetinparis.com\/wp-content\/uploads\/2025\/06\/VHC050.png","type":"image\/png"}],"twitter_card":"summary_large_image","schema":{"@context":"https:\/\/schema.org","@graph":[{"@type":"WebPage","@id":"https:\/\/cms.vetinparis.com\/produit\/veterinary-hpm-cat-adult-neutered-salmon-bouch-sach-re-new\/","url":"https:\/\/cms.vetinparis.com\/produit\/veterinary-hpm-cat-adult-neutered-salmon-bouch-sach-re-new\/","name":"Veterinary HPM Cat Adult Neutered Salmon Bouch. Sach.re. - Clinique v\u00e9t\u00e9rinaire VETINPARIS - Docteur Isabelle Pasquet - Paris 11","isPartOf":{"@id":"https:\/\/cms.vetinparis.com\/#website"},"primaryImageOfPage":{"@id":"https:\/\/cms.vetinparis.com\/produit\/veterinary-hpm-cat-adult-neutered-salmon-bouch-sach-re-new\/#primaryimage"},"image":{"@id":"https:\/\/cms.vetinparis.com\/produit\/veterinary-hpm-cat-adult-neutered-salmon-bouch-sach-re-new\/#primaryimage"},"thumbnailUrl":"https:\/\/cms.vetinparis.com\/wp-content\/uploads\/2025\/06\/VHC050.png","datePublished":"2025-06-07T23:01:09+00:00","dateModified":"2025-12-18T00:01:17+00:00","breadcrumb":{"@id":"https:\/\/cms.vetinparis.com\/produit\/veterinary-hpm-cat-adult-neutered-salmon-bouch-sach-re-new\/#breadcrumb"},"inLanguage":"en-US","potentialAction":[{"@type":"ReadAction","target":["https:\/\/cms.vetinparis.com\/produit\/veterinary-hpm-cat-adult-neutered-salmon-bouch-sach-re-new\/"]}]},{"@type":"ImageObject","inLanguage":"en-US","@id":"https:\/\/cms.vetinparis.com\/produit\/veterinary-hpm-cat-adult-neutered-salmon-bouch-sach-re-new\/#primaryimage","url":"https:\/\/cms.vetinparis.com\/wp-content\/uploads\/2025\/06\/VHC050.png","contentUrl":"https:\/\/cms.vetinparis.com\/wp-content\/uploads\/2025\/06\/VHC050.png","width":400,"height":400},{"@type":"BreadcrumbList","@id":"https:\/\/cms.vetinparis.com\/produit\/veterinary-hpm-cat-adult-neutered-salmon-bouch-sach-re-new\/#breadcrumb","itemListElement":[{"@type":"ListItem","position":1,"name":"Accueil","item":"https:\/\/cms.vetinparis.com\/"},{"@type":"ListItem","position":2,"name":"Boutique","item":"https:\/\/cms.vetinparis.com\/boutique\/"},{"@type":"ListItem","position":3,"name":"Veterinary HPM Cat Adult Neutered Salmon Bouch. Sach.re."}]},{"@type":"WebSite","@id":"https:\/\/cms.vetinparis.com\/#website","url":"https:\/\/cms.vetinparis.com\/","name":"Clinique v\u00e9t\u00e9rinaire VETINPARIS - Docteur Isabelle Pasquet - Paris 11","description":"","publisher":{"@id":"https:\/\/cms.vetinparis.com\/#organization"},"potentialAction":[{"@type":"SearchAction","target":{"@type":"EntryPoint","urlTemplate":"https:\/\/cms.vetinparis.com\/?s={search_term_string}"},"query-input":{"@type":"PropertyValueSpecification","valueRequired":true,"valueName":"search_term_string"}}],"inLanguage":"en-US"},{"@type":"Organization","@id":"https:\/\/cms.vetinparis.com\/#organization","name":"Clinique v\u00e9t\u00e9rinaire VETINPARIS - Docteur Isabelle Pasquet - Paris 11","url":"https:\/\/cms.vetinparis.com\/","logo":{"@type":"ImageObject","inLanguage":"en-US","@id":"https:\/\/cms.vetinparis.com\/#\/schema\/logo\/image\/","url":"https:\/\/cms.vetinparis.com\/wp-content\/uploads\/2017\/10\/logo-c.png","contentUrl":"https:\/\/cms.vetinparis.com\/wp-content\/uploads\/2017\/10\/logo-c.png","width":200,"height":158,"caption":"Clinique v\u00e9t\u00e9rinaire VETINPARIS - Docteur Isabelle Pasquet - Paris 11"},"image":{"@id":"https:\/\/cms.vetinparis.com\/#\/schema\/logo\/image\/"}}]}},"_links":{"self":[{"href":"https:\/\/cms.vetinparis.com\/en\/wp-json\/wp\/v2\/product\/296240","targetHints":{"allow":["GET"]}}],"collection":[{"href":"https:\/\/cms.vetinparis.com\/en\/wp-json\/wp\/v2\/product"}],"about":[{"href":"https:\/\/cms.vetinparis.com\/en\/wp-json\/wp\/v2\/types\/product"}],"wp:featuredmedia":[{"embeddable":true,"href":"https:\/\/cms.vetinparis.com\/en\/wp-json\/wp\/v2\/media\/296238"}],"wp:attachment":[{"href":"https:\/\/cms.vetinparis.com\/en\/wp-json\/wp\/v2\/media?parent=296240"}],"wp:term":[{"taxonomy":"product_brand","embeddable":true,"href":"https:\/\/cms.vetinparis.com\/en\/wp-json\/wp\/v2\/product_brand?post=296240"},{"taxonomy":"product_cat","embeddable":true,"href":"https:\/\/cms.vetinparis.com\/en\/wp-json\/wp\/v2\/product_cat?post=296240"},{"taxonomy":"product_tag","embeddable":true,"href":"https:\/\/cms.vetinparis.com\/en\/wp-json\/wp\/v2\/product_tag?post=296240"}],"curies":[{"name":"wp","href":"https:\/\/api.w.org\/{rel}","templated":true}]}}