{"id":290232,"date":"2024-10-03T01:11:39","date_gmt":"2024-10-02T23:11:39","guid":{"rendered":"https:\/\/cms.vetinparis.com\/produit\/preference-chien-joueur\/"},"modified":"2026-03-02T01:04:27","modified_gmt":"2026-03-02T00:04:27","slug":"preference-chien-joueur","status":"publish","type":"product","link":"https:\/\/cms.vetinparis.com\/en\/produit\/preference-chien-joueur\/","title":{"rendered":"Pr\u00e9f\u00e9rence Chien Joueur"},"content":{"rendered":"<ul>\n<li>Apport \u00e9nerg\u00e9tique \u00e9tudi\u00e9 pour un maintien de poids id\u00e9al.<\/li>\n<li>Formule enrichie en Omega 3 (Graine de lin, huile de poissons) pour un pelage brillant et une peau saine.<\/li>\n<li>Effet pr\u00e9biotique de la pulpe de betterave et des Om\u00e9ga 3 pour le confort digestif.<\/li>\n<\/ul>\n","protected":false},"excerpt":{"rendered":"<p>SOFIVET<\/p>\n","protected":false},"featured_media":290230,"template":"","meta":{"_acf_changed":false},"product_brand":[],"product_cat":[2075,2082,2081],"product_tag":[],"class_list":{"0":"post-290232","1":"product","2":"type-product","3":"status-publish","4":"has-post-thumbnail","6":"product_cat-aliments","7":"product_cat-aliments-physiologiques-chiens","8":"product_cat-alimts-physiologiq-chat-chien","9":"description-off","11":"first","12":"instock","13":"taxable","14":"shipping-taxable","15":"purchasable","16":"product-type-variable"},"acf":[],"yoast_head":"<!-- This site is optimized with the Yoast SEO plugin v27.3 - https:\/\/yoast.com\/product\/yoast-seo-wordpress\/ -->\n<title>Pr\u00e9f\u00e9rence Chien Joueur - Clinique v\u00e9t\u00e9rinaire VETINPARIS - Docteur Isabelle Pasquet - Paris 11<\/title>\n<meta name=\"robots\" content=\"noindex, follow\" \/>\n<meta property=\"og:locale\" content=\"en_US\" \/>\n<meta property=\"og:type\" content=\"article\" \/>\n<meta property=\"og:title\" content=\"Pr\u00e9f\u00e9rence Chien Joueur - Clinique v\u00e9t\u00e9rinaire VETINPARIS - Docteur Isabelle Pasquet - Paris 11\" \/>\n<meta property=\"og:description\" content=\"SOFIVET\" \/>\n<meta property=\"og:url\" content=\"https:\/\/cms.vetinparis.com\/produit\/preference-chien-joueur\/\" \/>\n<meta property=\"og:site_name\" content=\"Clinique v\u00e9t\u00e9rinaire VETINPARIS - Docteur Isabelle Pasquet - Paris 11\" \/>\n<meta property=\"article:modified_time\" content=\"2026-03-02T00:04:27+00:00\" \/>\n<meta property=\"og:image\" content=\"https:\/\/cms.vetinparis.com\/wp-content\/uploads\/2024\/10\/PRE086-1.png\" \/>\n\t<meta property=\"og:image:width\" content=\"400\" \/>\n\t<meta property=\"og:image:height\" content=\"400\" \/>\n\t<meta property=\"og:image:type\" content=\"image\/png\" \/>\n<meta name=\"twitter:card\" content=\"summary_large_image\" \/>\n<script type=\"application\/ld+json\" class=\"yoast-schema-graph\">{\"@context\":\"https:\\\/\\\/schema.org\",\"@graph\":[{\"@type\":\"WebPage\",\"@id\":\"https:\\\/\\\/cms.vetinparis.com\\\/produit\\\/preference-chien-joueur\\\/\",\"url\":\"https:\\\/\\\/cms.vetinparis.com\\\/produit\\\/preference-chien-joueur\\\/\",\"name\":\"Pr\u00e9f\u00e9rence Chien Joueur - Clinique v\u00e9t\u00e9rinaire VETINPARIS - Docteur Isabelle Pasquet - Paris 11\",\"isPartOf\":{\"@id\":\"https:\\\/\\\/cms.vetinparis.com\\\/#website\"},\"primaryImageOfPage\":{\"@id\":\"https:\\\/\\\/cms.vetinparis.com\\\/produit\\\/preference-chien-joueur\\\/#primaryimage\"},\"image\":{\"@id\":\"https:\\\/\\\/cms.vetinparis.com\\\/produit\\\/preference-chien-joueur\\\/#primaryimage\"},\"thumbnailUrl\":\"https:\\\/\\\/cms.vetinparis.com\\\/wp-content\\\/uploads\\\/2024\\\/10\\\/PRE086-1.png\",\"datePublished\":\"2024-10-02T23:11:39+00:00\",\"dateModified\":\"2026-03-02T00:04:27+00:00\",\"breadcrumb\":{\"@id\":\"https:\\\/\\\/cms.vetinparis.com\\\/produit\\\/preference-chien-joueur\\\/#breadcrumb\"},\"inLanguage\":\"en-US\",\"potentialAction\":[{\"@type\":\"ReadAction\",\"target\":[\"https:\\\/\\\/cms.vetinparis.com\\\/produit\\\/preference-chien-joueur\\\/\"]}]},{\"@type\":\"ImageObject\",\"inLanguage\":\"en-US\",\"@id\":\"https:\\\/\\\/cms.vetinparis.com\\\/produit\\\/preference-chien-joueur\\\/#primaryimage\",\"url\":\"https:\\\/\\\/cms.vetinparis.com\\\/wp-content\\\/uploads\\\/2024\\\/10\\\/PRE086-1.png\",\"contentUrl\":\"https:\\\/\\\/cms.vetinparis.com\\\/wp-content\\\/uploads\\\/2024\\\/10\\\/PRE086-1.png\",\"width\":400,\"height\":400},{\"@type\":\"BreadcrumbList\",\"@id\":\"https:\\\/\\\/cms.vetinparis.com\\\/produit\\\/preference-chien-joueur\\\/#breadcrumb\",\"itemListElement\":[{\"@type\":\"ListItem\",\"position\":1,\"name\":\"Accueil\",\"item\":\"https:\\\/\\\/cms.vetinparis.com\\\/\"},{\"@type\":\"ListItem\",\"position\":2,\"name\":\"Boutique\",\"item\":\"https:\\\/\\\/cms.vetinparis.com\\\/boutique\\\/\"},{\"@type\":\"ListItem\",\"position\":3,\"name\":\"Pr\u00e9f\u00e9rence Chien Joueur\"}]},{\"@type\":\"WebSite\",\"@id\":\"https:\\\/\\\/cms.vetinparis.com\\\/#website\",\"url\":\"https:\\\/\\\/cms.vetinparis.com\\\/\",\"name\":\"Clinique v\u00e9t\u00e9rinaire VETINPARIS - Docteur Isabelle Pasquet - Paris 11\",\"description\":\"\",\"publisher\":{\"@id\":\"https:\\\/\\\/cms.vetinparis.com\\\/#organization\"},\"potentialAction\":[{\"@type\":\"SearchAction\",\"target\":{\"@type\":\"EntryPoint\",\"urlTemplate\":\"https:\\\/\\\/cms.vetinparis.com\\\/?s={search_term_string}\"},\"query-input\":{\"@type\":\"PropertyValueSpecification\",\"valueRequired\":true,\"valueName\":\"search_term_string\"}}],\"inLanguage\":\"en-US\"},{\"@type\":\"Organization\",\"@id\":\"https:\\\/\\\/cms.vetinparis.com\\\/#organization\",\"name\":\"Clinique v\u00e9t\u00e9rinaire VETINPARIS - Docteur Isabelle Pasquet - Paris 11\",\"url\":\"https:\\\/\\\/cms.vetinparis.com\\\/\",\"logo\":{\"@type\":\"ImageObject\",\"inLanguage\":\"en-US\",\"@id\":\"https:\\\/\\\/cms.vetinparis.com\\\/#\\\/schema\\\/logo\\\/image\\\/\",\"url\":\"https:\\\/\\\/cms.vetinparis.com\\\/wp-content\\\/uploads\\\/2017\\\/10\\\/logo-c.png\",\"contentUrl\":\"https:\\\/\\\/cms.vetinparis.com\\\/wp-content\\\/uploads\\\/2017\\\/10\\\/logo-c.png\",\"width\":200,\"height\":158,\"caption\":\"Clinique v\u00e9t\u00e9rinaire VETINPARIS - Docteur Isabelle Pasquet - Paris 11\"},\"image\":{\"@id\":\"https:\\\/\\\/cms.vetinparis.com\\\/#\\\/schema\\\/logo\\\/image\\\/\"}}]}<\/script>\n<!-- \/ Yoast SEO plugin. -->","yoast_head_json":{"title":"Pr\u00e9f\u00e9rence Chien Joueur - Clinique v\u00e9t\u00e9rinaire VETINPARIS - Docteur Isabelle Pasquet - Paris 11","robots":{"index":"noindex","follow":"follow"},"og_locale":"en_US","og_type":"article","og_title":"Pr\u00e9f\u00e9rence Chien Joueur - Clinique v\u00e9t\u00e9rinaire VETINPARIS - Docteur Isabelle Pasquet - Paris 11","og_description":"SOFIVET","og_url":"https:\/\/cms.vetinparis.com\/produit\/preference-chien-joueur\/","og_site_name":"Clinique v\u00e9t\u00e9rinaire VETINPARIS - Docteur Isabelle Pasquet - Paris 11","article_modified_time":"2026-03-02T00:04:27+00:00","og_image":[{"width":400,"height":400,"url":"https:\/\/cms.vetinparis.com\/wp-content\/uploads\/2024\/10\/PRE086-1.png","type":"image\/png"}],"twitter_card":"summary_large_image","schema":{"@context":"https:\/\/schema.org","@graph":[{"@type":"WebPage","@id":"https:\/\/cms.vetinparis.com\/produit\/preference-chien-joueur\/","url":"https:\/\/cms.vetinparis.com\/produit\/preference-chien-joueur\/","name":"Pr\u00e9f\u00e9rence Chien Joueur - Clinique v\u00e9t\u00e9rinaire VETINPARIS - Docteur Isabelle Pasquet - Paris 11","isPartOf":{"@id":"https:\/\/cms.vetinparis.com\/#website"},"primaryImageOfPage":{"@id":"https:\/\/cms.vetinparis.com\/produit\/preference-chien-joueur\/#primaryimage"},"image":{"@id":"https:\/\/cms.vetinparis.com\/produit\/preference-chien-joueur\/#primaryimage"},"thumbnailUrl":"https:\/\/cms.vetinparis.com\/wp-content\/uploads\/2024\/10\/PRE086-1.png","datePublished":"2024-10-02T23:11:39+00:00","dateModified":"2026-03-02T00:04:27+00:00","breadcrumb":{"@id":"https:\/\/cms.vetinparis.com\/produit\/preference-chien-joueur\/#breadcrumb"},"inLanguage":"en-US","potentialAction":[{"@type":"ReadAction","target":["https:\/\/cms.vetinparis.com\/produit\/preference-chien-joueur\/"]}]},{"@type":"ImageObject","inLanguage":"en-US","@id":"https:\/\/cms.vetinparis.com\/produit\/preference-chien-joueur\/#primaryimage","url":"https:\/\/cms.vetinparis.com\/wp-content\/uploads\/2024\/10\/PRE086-1.png","contentUrl":"https:\/\/cms.vetinparis.com\/wp-content\/uploads\/2024\/10\/PRE086-1.png","width":400,"height":400},{"@type":"BreadcrumbList","@id":"https:\/\/cms.vetinparis.com\/produit\/preference-chien-joueur\/#breadcrumb","itemListElement":[{"@type":"ListItem","position":1,"name":"Accueil","item":"https:\/\/cms.vetinparis.com\/"},{"@type":"ListItem","position":2,"name":"Boutique","item":"https:\/\/cms.vetinparis.com\/boutique\/"},{"@type":"ListItem","position":3,"name":"Pr\u00e9f\u00e9rence Chien Joueur"}]},{"@type":"WebSite","@id":"https:\/\/cms.vetinparis.com\/#website","url":"https:\/\/cms.vetinparis.com\/","name":"Clinique v\u00e9t\u00e9rinaire VETINPARIS - Docteur Isabelle Pasquet - Paris 11","description":"","publisher":{"@id":"https:\/\/cms.vetinparis.com\/#organization"},"potentialAction":[{"@type":"SearchAction","target":{"@type":"EntryPoint","urlTemplate":"https:\/\/cms.vetinparis.com\/?s={search_term_string}"},"query-input":{"@type":"PropertyValueSpecification","valueRequired":true,"valueName":"search_term_string"}}],"inLanguage":"en-US"},{"@type":"Organization","@id":"https:\/\/cms.vetinparis.com\/#organization","name":"Clinique v\u00e9t\u00e9rinaire VETINPARIS - Docteur Isabelle Pasquet - Paris 11","url":"https:\/\/cms.vetinparis.com\/","logo":{"@type":"ImageObject","inLanguage":"en-US","@id":"https:\/\/cms.vetinparis.com\/#\/schema\/logo\/image\/","url":"https:\/\/cms.vetinparis.com\/wp-content\/uploads\/2017\/10\/logo-c.png","contentUrl":"https:\/\/cms.vetinparis.com\/wp-content\/uploads\/2017\/10\/logo-c.png","width":200,"height":158,"caption":"Clinique v\u00e9t\u00e9rinaire VETINPARIS - Docteur Isabelle Pasquet - Paris 11"},"image":{"@id":"https:\/\/cms.vetinparis.com\/#\/schema\/logo\/image\/"}}]}},"_links":{"self":[{"href":"https:\/\/cms.vetinparis.com\/en\/wp-json\/wp\/v2\/product\/290232","targetHints":{"allow":["GET"]}}],"collection":[{"href":"https:\/\/cms.vetinparis.com\/en\/wp-json\/wp\/v2\/product"}],"about":[{"href":"https:\/\/cms.vetinparis.com\/en\/wp-json\/wp\/v2\/types\/product"}],"wp:featuredmedia":[{"embeddable":true,"href":"https:\/\/cms.vetinparis.com\/en\/wp-json\/wp\/v2\/media\/290230"}],"wp:attachment":[{"href":"https:\/\/cms.vetinparis.com\/en\/wp-json\/wp\/v2\/media?parent=290232"}],"wp:term":[{"taxonomy":"product_brand","embeddable":true,"href":"https:\/\/cms.vetinparis.com\/en\/wp-json\/wp\/v2\/product_brand?post=290232"},{"taxonomy":"product_cat","embeddable":true,"href":"https:\/\/cms.vetinparis.com\/en\/wp-json\/wp\/v2\/product_cat?post=290232"},{"taxonomy":"product_tag","embeddable":true,"href":"https:\/\/cms.vetinparis.com\/en\/wp-json\/wp\/v2\/product_tag?post=290232"}],"curies":[{"name":"wp","href":"https:\/\/api.w.org\/{rel}","templated":true}]}}